{"id":35,"date":"2023-06-07T03:30:01","date_gmt":"2023-06-07T03:30:01","guid":{"rendered":"https:\/\/ouik-aliments.com\/?post_type=product&#038;p=35"},"modified":"2025-01-20T02:54:11","modified_gmt":"2025-01-20T02:54:11","slug":"harina-de-yuca","status":"publish","type":"product","link":"https:\/\/ouik-aliments.com\/index.php\/product\/harina-de-yuca\/","title":{"rendered":"Harina de Yuca 500g"},"content":{"rendered":"<ul>\n<li><strong>HARINA DE YUCA 500g<\/strong><\/li>\n<\/ul>\n<p>La Harina de Yuca al transformarse en un producto procesado, conserva sus cualidades naturales y nutritivas, por ello se recomienda la ingesta sistem\u00e1tica, como producto espec\u00edfico para preparar diversos alimentos y tambi\u00e9n en combinaci\u00f3n con otras harinas o preparaciones.<\/p>\n<p>&nbsp;<\/p>\n<p>Esta Harina com\u00fanmente es utilizada para el consumo familiar en la elaboraci\u00f3n de diversos platillos, entre ellos:<\/p>\n<p>&nbsp;<\/p>\n<p>-Pan de yuca (sin gluten)<\/p>\n<p>-Pasteles<\/p>\n<p>-Galletas<\/p>\n<p>-Brownies<\/p>\n<p>-Hot Cakes<\/p>\n<p>-Masa de Pizzas o Pastas<\/p>\n<p>-Crepas<\/p>\n<p>-Atole,<\/p>\n<p>-Empanizar sus alimentos favoritos.<\/p>\n","protected":false},"excerpt":{"rendered":"<p>HARINA DE YUCA 500g La Harina de Yuca al transformarse en un producto procesado, conserva sus cualidades naturales y nutritivas, por ello se recomienda la ingesta sistem\u00e1tica, como producto espec\u00edfico<\/p>\n","protected":false},"featured_media":36,"comment_status":"open","ping_status":"closed","template":"","meta":[],"product_cat":[18],"product_tag":[],"class_list":["post-35","product","type-product","status-publish","has-post-thumbnail","hentry","product_cat-harina-de-yuca"],"acf":[],"_links":{"self":[{"href":"https:\/\/ouik-aliments.com\/index.php\/wp-json\/wp\/v2\/product\/35","targetHints":{"allow":["GET"]}}],"collection":[{"href":"https:\/\/ouik-aliments.com\/index.php\/wp-json\/wp\/v2\/product"}],"about":[{"href":"https:\/\/ouik-aliments.com\/index.php\/wp-json\/wp\/v2\/types\/product"}],"replies":[{"embeddable":true,"href":"https:\/\/ouik-aliments.com\/index.php\/wp-json\/wp\/v2\/comments?post=35"}],"wp:featuredmedia":[{"embeddable":true,"href":"https:\/\/ouik-aliments.com\/index.php\/wp-json\/wp\/v2\/media\/36"}],"wp:attachment":[{"href":"https:\/\/ouik-aliments.com\/index.php\/wp-json\/wp\/v2\/media?parent=35"}],"wp:term":[{"taxonomy":"product_cat","embeddable":true,"href":"https:\/\/ouik-aliments.com\/index.php\/wp-json\/wp\/v2\/product_cat?post=35"},{"taxonomy":"product_tag","embeddable":true,"href":"https:\/\/ouik-aliments.com\/index.php\/wp-json\/wp\/v2\/product_tag?post=35"}],"curies":[{"name":"wp","href":"https:\/\/api.w.org\/{rel}","templated":true}]}}