{"id":99,"date":"2023-06-08T15:08:22","date_gmt":"2023-06-08T15:08:22","guid":{"rendered":"https:\/\/ouik-aliments.com\/?page_id=99"},"modified":"2023-06-09T16:31:59","modified_gmt":"2023-06-09T16:31:59","slug":"nosotros","status":"publish","type":"page","link":"https:\/\/ouik-aliments.com\/index.php\/nosotros\/","title":{"rendered":"Nosotros"},"content":{"rendered":"\t\t<div data-elementor-type=\"wp-page\" data-elementor-id=\"99\" class=\"elementor elementor-99\" data-elementor-settings=\"[]\">\n\t\t\t\t\t\t\t<div class=\"elementor-section-wrap\">\n\t\t\t\t\t\t\t<section class=\"elementor-section elementor-top-section elementor-element elementor-element-22c945a elementor-section-boxed elementor-section-height-default elementor-section-height-default\" data-id=\"22c945a\" data-element_type=\"section\">\n\t\t\t\t\t\t<div class=\"elementor-container elementor-column-gap-default\">\n\t\t\t\t\t<div class=\"elementor-column elementor-col-100 elementor-top-column elementor-element elementor-element-609d097\" data-id=\"609d097\" data-element_type=\"column\">\n\t\t\t<div class=\"elementor-widget-wrap elementor-element-populated\">\n\t\t\t\t\t\t\t\t<div class=\"elementor-element elementor-element-e7b5ee7 elementor-widget elementor-widget-image\" data-id=\"e7b5ee7\" data-element_type=\"widget\" data-widget_type=\"image.default\">\n\t\t\t\t<div class=\"elementor-widget-container\">\n\t\t\t<style>\/*! elementor - v3.5.6 - 28-02-2022 *\/\n.elementor-widget-image{text-align:center}.elementor-widget-image a{display:inline-block}.elementor-widget-image a img[src$=\".svg\"]{width:48px}.elementor-widget-image img{vertical-align:middle;display:inline-block}<\/style>\t\t\t\t\t\t\t\t\t\t\t\t<img loading=\"lazy\" decoding=\"async\" width=\"1000\" height=\"600\" src=\"https:\/\/ouik-aliments.com\/wp-content\/uploads\/2023\/06\/Antecedentes.png\" class=\"attachment-large size-large\" alt=\"\" srcset=\"https:\/\/ouik-aliments.com\/wp-content\/uploads\/2023\/06\/Antecedentes.png 1000w, https:\/\/ouik-aliments.com\/wp-content\/uploads\/2023\/06\/Antecedentes-300x180.png 300w, https:\/\/ouik-aliments.com\/wp-content\/uploads\/2023\/06\/Antecedentes-768x461.png 768w, https:\/\/ouik-aliments.com\/wp-content\/uploads\/2023\/06\/Antecedentes-600x360.png 600w\" sizes=\"auto, (max-width: 1000px) 100vw, 1000px\" \/>\t\t\t\t\t\t\t\t\t\t\t\t\t\t\t<\/div>\n\t\t\t\t<\/div>\n\t\t\t\t<div class=\"elementor-element elementor-element-8dccfc4 elementor-widget elementor-widget-image\" data-id=\"8dccfc4\" data-element_type=\"widget\" data-widget_type=\"image.default\">\n\t\t\t\t<div class=\"elementor-widget-container\">\n\t\t\t\t\t\t\t\t\t\t\t\t\t\t\t<img loading=\"lazy\" decoding=\"async\" width=\"1000\" height=\"600\" src=\"https:\/\/ouik-aliments.com\/wp-content\/uploads\/2023\/06\/Mision.png\" class=\"attachment-large size-large\" alt=\"\" srcset=\"https:\/\/ouik-aliments.com\/wp-content\/uploads\/2023\/06\/Mision.png 1000w, https:\/\/ouik-aliments.com\/wp-content\/uploads\/2023\/06\/Mision-300x180.png 300w, https:\/\/ouik-aliments.com\/wp-content\/uploads\/2023\/06\/Mision-768x461.png 768w, https:\/\/ouik-aliments.com\/wp-content\/uploads\/2023\/06\/Mision-600x360.png 600w\" sizes=\"auto, (max-width: 1000px) 100vw, 1000px\" \/>\t\t\t\t\t\t\t\t\t\t\t\t\t\t\t<\/div>\n\t\t\t\t<\/div>\n\t\t\t\t<div class=\"elementor-element elementor-element-4fef908 elementor-widget elementor-widget-image\" data-id=\"4fef908\" data-element_type=\"widget\" data-widget_type=\"image.default\">\n\t\t\t\t<div class=\"elementor-widget-container\">\n\t\t\t\t\t\t\t\t\t\t\t\t\t\t\t<img loading=\"lazy\" decoding=\"async\" width=\"1000\" height=\"600\" src=\"https:\/\/ouik-aliments.com\/wp-content\/uploads\/2023\/06\/Vision.png\" class=\"attachment-large size-large\" alt=\"\" srcset=\"https:\/\/ouik-aliments.com\/wp-content\/uploads\/2023\/06\/Vision.png 1000w, https:\/\/ouik-aliments.com\/wp-content\/uploads\/2023\/06\/Vision-300x180.png 300w, https:\/\/ouik-aliments.com\/wp-content\/uploads\/2023\/06\/Vision-768x461.png 768w, https:\/\/ouik-aliments.com\/wp-content\/uploads\/2023\/06\/Vision-600x360.png 600w\" sizes=\"auto, (max-width: 1000px) 100vw, 1000px\" \/>\t\t\t\t\t\t\t\t\t\t\t\t\t\t\t<\/div>\n\t\t\t\t<\/div>\n\t\t\t\t\t<\/div>\n\t\t<\/div>\n\t\t\t\t\t\t\t<\/div>\n\t\t<\/section>\n\t\t\t\t<section class=\"elementor-section elementor-top-section elementor-element elementor-element-436e0aa elementor-section-boxed elementor-section-height-default elementor-section-height-default\" data-id=\"436e0aa\" data-element_type=\"section\">\n\t\t\t\t\t\t<div class=\"elementor-container elementor-column-gap-default\">\n\t\t\t\t\t<div class=\"elementor-column elementor-col-100 elementor-top-column elementor-element elementor-element-be90693\" data-id=\"be90693\" data-element_type=\"column\">\n\t\t\t<div class=\"elementor-widget-wrap elementor-element-populated\">\n\t\t\t\t\t\t\t\t<div class=\"elementor-element elementor-element-8bd48a5 elementor-widget elementor-widget-heading\" data-id=\"8bd48a5\" data-element_type=\"widget\" data-widget_type=\"heading.default\">\n\t\t\t\t<div class=\"elementor-widget-container\">\n\t\t\t<style>\/*! elementor - v3.5.6 - 28-02-2022 *\/\n.elementor-heading-title{padding:0;margin:0;line-height:1}.elementor-widget-heading .elementor-heading-title[class*=elementor-size-]>a{color:inherit;font-size:inherit;line-height:inherit}.elementor-widget-heading .elementor-heading-title.elementor-size-small{font-size:15px}.elementor-widget-heading .elementor-heading-title.elementor-size-medium{font-size:19px}.elementor-widget-heading .elementor-heading-title.elementor-size-large{font-size:29px}.elementor-widget-heading .elementor-heading-title.elementor-size-xl{font-size:39px}.elementor-widget-heading .elementor-heading-title.elementor-size-xxl{font-size:59px}<\/style><h1 class=\"elementor-heading-title elementor-size-default\">Te sugerimos nuestra harina de yuca por los siguientes beneficios para tu salud.<\/h1>\t\t<\/div>\n\t\t\t\t<\/div>\n\t\t\t\t<div class=\"elementor-element elementor-element-1bdea9c elementor-widget elementor-widget-text-editor\" data-id=\"1bdea9c\" data-element_type=\"widget\" data-widget_type=\"text-editor.default\">\n\t\t\t\t<div class=\"elementor-widget-container\">\n\t\t\t<style>\/*! elementor - v3.5.6 - 28-02-2022 *\/\n.elementor-widget-text-editor.elementor-drop-cap-view-stacked .elementor-drop-cap{background-color:#818a91;color:#fff}.elementor-widget-text-editor.elementor-drop-cap-view-framed .elementor-drop-cap{color:#818a91;border:3px solid;background-color:transparent}.elementor-widget-text-editor:not(.elementor-drop-cap-view-default) .elementor-drop-cap{margin-top:8px}.elementor-widget-text-editor:not(.elementor-drop-cap-view-default) .elementor-drop-cap-letter{width:1em;height:1em}.elementor-widget-text-editor .elementor-drop-cap{float:left;text-align:center;line-height:1;font-size:50px}.elementor-widget-text-editor .elementor-drop-cap-letter{display:inline-block}<\/style>\t\t\t\t<p align=\"justify\">La Yuca est\u00e1 considerado entre los pocos productos agr\u00edcolas que, al ser procesado, conserva la identidad b\u00e1sica y la mayor\u00eda de los componentes del alimento original, ya que mantiene el adecuado balance nutricional por la no adici\u00f3n de aceites, az\u00facares y sales al transformarse en harina. De ah\u00ed que se puede afirmar que todos los componentes o nutrientes de la ra\u00edz, tambi\u00e9n permanecen en la harina; entre los nutrientes se destacan la vitamina C y la fibra, muy favorables a la nutrici\u00f3n del organismo humano, por sus aportes en carbohidratos complejos y escasos az\u00facares y sodio en comparaci\u00f3n con otras harinas elaboradas a base de trigo, ma\u00edz, almendras, arroz, entre otros.<\/p><p align=\"justify\">Por sus particularidades y la conservaci\u00f3n de sus componentes naturales, el consumo de la Harina de Yuca reduce las probabilidades de efectos negativos en la generalidad de las personas que padecen diversas enfermedades, al tiempo que disminuye los niveles de colesterol y triglic\u00e9ridos en el torrente sangu\u00edneo y, por ende, contribuye considerablemente a la reducci\u00f3n de los padecimientos de presi\u00f3n arterial y patolog\u00edas cardiovasculares.<\/p><p align=\"justify\">Al respecto, la harina de yuca posee un sabor neutro y suave que no distorsiona el sabor de los alimentos, muy agradable al paladar y, al no contener gluten, es una opci\u00f3n nada despreciable al incluirla en diferentes platillos o recetas.<\/p><p align=\"justify\">Se le considera como sustituto de la harina de trigo y de sorgo, de gran potencial de uso en la reposter\u00eda y elaboraci\u00f3n de diversos alimentos para personas al\u00e9rgicas al gluten; en algunas combinaciones se utiliza para espesar salsas y otorgar consistencia a los guisados. La harina de Yuca se obtiene de diversas maneras, mediante el secado manual o con m\u00e1quinas; al procesar la ra\u00edz, se transforma en un polvo muy fino, de color blanquecino y de textura ligera y pr\u00e1cticamente sin sabor.<\/p>\t\t\t\t\t\t<\/div>\n\t\t\t\t<\/div>\n\t\t\t\t<div class=\"elementor-element elementor-element-35c2240 elementor-widget elementor-widget-heading\" data-id=\"35c2240\" data-element_type=\"widget\" data-widget_type=\"heading.default\">\n\t\t\t\t<div class=\"elementor-widget-container\">\n\t\t\t<h1 class=\"elementor-heading-title elementor-size-default\">Usos de la harina de Yuca:<\/h1>\t\t<\/div>\n\t\t\t\t<\/div>\n\t\t\t\t<div class=\"elementor-element elementor-element-5a37677 elementor-widget elementor-widget-text-editor\" data-id=\"5a37677\" data-element_type=\"widget\" data-widget_type=\"text-editor.default\">\n\t\t\t\t<div class=\"elementor-widget-container\">\n\t\t\t\t\t\t\t<h2>La harina de yuca es usada para el consumo humano en:<\/h2><h2>Industria de la panificaci\u00f3n:<\/h2><ul><li><strong>Pan de yuca sin gluten<\/strong><\/li><li><strong>Pasteles<\/strong><\/li><li><strong>Galletas<\/strong><\/li><li><strong>Brownies<\/strong><\/li><li><strong>Hot Cakes<\/strong><\/li><li><strong>Masa de pizza o pasta<\/strong><\/li><li><strong>Crepas<\/strong><\/li><li><strong>Relleno para carnes procesadas(Hamburguesas)<\/strong><\/li><\/ul><h5>Entre otras\u2026<\/h5>\t\t\t\t\t\t<\/div>\n\t\t\t\t<\/div>\n\t\t\t\t\t<\/div>\n\t\t<\/div>\n\t\t\t\t\t\t\t<\/div>\n\t\t<\/section>\n\t\t\t\t<section class=\"elementor-section elementor-top-section elementor-element elementor-element-8359018 elementor-section-boxed elementor-section-height-default elementor-section-height-default\" data-id=\"8359018\" data-element_type=\"section\">\n\t\t\t\t\t\t<div class=\"elementor-container elementor-column-gap-default\">\n\t\t\t\t\t<div class=\"elementor-column elementor-col-100 elementor-top-column elementor-element elementor-element-509c19b\" data-id=\"509c19b\" data-element_type=\"column\">\n\t\t\t<div class=\"elementor-widget-wrap elementor-element-populated\">\n\t\t\t\t\t\t\t\t<div class=\"elementor-element elementor-element-ead35a8 elementor--h-position-center elementor--v-position-middle elementor-arrows-position-inside elementor-pagination-position-inside elementor-widget elementor-widget-slides\" data-id=\"ead35a8\" data-element_type=\"widget\" data-settings=\"{&quot;navigation&quot;:&quot;both&quot;,&quot;autoplay&quot;:&quot;yes&quot;,&quot;pause_on_hover&quot;:&quot;yes&quot;,&quot;pause_on_interaction&quot;:&quot;yes&quot;,&quot;autoplay_speed&quot;:5000,&quot;infinite&quot;:&quot;yes&quot;,&quot;transition&quot;:&quot;slide&quot;,&quot;transition_speed&quot;:500}\" data-widget_type=\"slides.default\">\n\t\t\t\t<div class=\"elementor-widget-container\">\n\t\t\t<style>\/*! elementor-pro - v3.6.3 - 28-02-2022 *\/\n.elementor-slides .swiper-slide-bg{background-size:cover;background-position:50%;background-repeat:no-repeat;min-width:100%;min-height:100%}.elementor-slides .swiper-slide-inner{background-repeat:no-repeat;background-position:50%;position:absolute;top:0;left:0;bottom:0;right:0;padding:50px;margin:auto}.elementor-slides .swiper-slide-inner,.elementor-slides .swiper-slide-inner:hover{color:#fff;display:-webkit-box;display:-ms-flexbox;display:flex}.elementor-slides .swiper-slide-inner .elementor-background-overlay{position:absolute;z-index:0;top:0;bottom:0;left:0;right:0}.elementor-slides .swiper-slide-inner .elementor-slide-content{position:relative;z-index:1;width:100%}.elementor-slides .swiper-slide-inner .elementor-slide-heading{font-size:35px;font-weight:700;line-height:1}.elementor-slides .swiper-slide-inner .elementor-slide-description{font-size:17px;line-height:1.4}.elementor-slides .swiper-slide-inner .elementor-slide-description:not(:last-child),.elementor-slides .swiper-slide-inner .elementor-slide-heading:not(:last-child){margin-bottom:30px}.elementor-slides .swiper-slide-inner .elementor-slide-button{border:2px solid #fff;color:#fff;background:transparent;display:inline-block}.elementor-slides .swiper-slide-inner .elementor-slide-button,.elementor-slides .swiper-slide-inner .elementor-slide-button:hover{background:transparent;color:inherit;text-decoration:none}.elementor--v-position-top .swiper-slide-inner{-webkit-box-align:start;-ms-flex-align:start;align-items:flex-start}.elementor--v-position-bottom .swiper-slide-inner{-webkit-box-align:end;-ms-flex-align:end;align-items:flex-end}.elementor--v-position-middle .swiper-slide-inner{-webkit-box-align:center;-ms-flex-align:center;align-items:center}.elementor--h-position-left .swiper-slide-inner{-webkit-box-pack:start;-ms-flex-pack:start;justify-content:flex-start}.elementor--h-position-right .swiper-slide-inner{-webkit-box-pack:end;-ms-flex-pack:end;justify-content:flex-end}.elementor--h-position-center .swiper-slide-inner{-webkit-box-pack:center;-ms-flex-pack:center;justify-content:center}body.rtl .elementor-widget-slides .elementor-swiper-button-next{left:10px;right:auto}body.rtl .elementor-widget-slides .elementor-swiper-button-prev{right:10px;left:auto}.elementor-slides-wrapper div:not(.swiper-slide)>.swiper-slide-inner{display:none}@media (max-width:767px){.elementor-slides .swiper-slide-inner{padding:30px}.elementor-slides .swiper-slide-inner .elementor-slide-heading{font-size:23px;line-height:1;margin-bottom:15px}.elementor-slides .swiper-slide-inner .elementor-slide-description{font-size:13px;line-height:1.4;margin-bottom:15px}}<\/style>\t\t<div class=\"elementor-swiper\">\n\t\t\t<div class=\"elementor-slides-wrapper elementor-main-swiper swiper-container\" dir=\"ltr\" data-animation=\"fadeInUp\">\n\t\t\t\t<div class=\"swiper-wrapper elementor-slides\">\n\t\t\t\t\t\t\t\t\t\t<div class=\"elementor-repeater-item-fd5cf31 swiper-slide\"><div class=\"swiper-slide-bg\"><\/div><div class=\"swiper-slide-inner\" ><div class=\"swiper-slide-contents\"><\/div><\/div><\/div><div class=\"elementor-repeater-item-73e9d22 swiper-slide\"><div class=\"swiper-slide-bg\"><\/div><div class=\"swiper-slide-inner\" ><div class=\"swiper-slide-contents\"><\/div><\/div><\/div><div class=\"elementor-repeater-item-ac95925 swiper-slide\"><div class=\"swiper-slide-bg\"><\/div><div class=\"swiper-slide-inner\" ><div class=\"swiper-slide-contents\"><\/div><\/div><\/div>\t\t\t\t<\/div>\n\t\t\t\t\t\t\t\t\t\t\t\t\t\t\t<div class=\"swiper-pagination\"><\/div>\n\t\t\t\t\t\t\t\t\t\t\t\t\t\t\t\t<div class=\"elementor-swiper-button elementor-swiper-button-prev\">\n\t\t\t\t\t\t\t<i aria-hidden=\"true\" class=\"eicon-chevron-left\"><\/i>\t\t\t\t\t\t\t<span class=\"elementor-screen-only\">Previous<\/span>\n\t\t\t\t\t\t<\/div>\n\t\t\t\t\t\t<div class=\"elementor-swiper-button elementor-swiper-button-next\">\n\t\t\t\t\t\t\t<i aria-hidden=\"true\" class=\"eicon-chevron-right\"><\/i>\t\t\t\t\t\t\t<span class=\"elementor-screen-only\">Next<\/span>\n\t\t\t\t\t\t<\/div>\n\t\t\t\t\t\t\t\t\t\t\t\t<\/div>\n\t\t<\/div>\n\t\t\t\t<\/div>\n\t\t\t\t<\/div>\n\t\t\t\t\t<\/div>\n\t\t<\/div>\n\t\t\t\t\t\t\t<\/div>\n\t\t<\/section>\n\t\t\t\t\t\t<\/div>\n\t\t\t\t\t<\/div>\n\t\t","protected":false},"excerpt":{"rendered":"<p>Te sugerimos nuestra harina de yuca por los siguientes beneficios para tu salud. La Yuca est\u00e1 considerado entre los pocos productos agr\u00edcolas que, al ser procesado, conserva la identidad b\u00e1sica<\/p>\n","protected":false},"author":1,"featured_media":0,"parent":0,"menu_order":0,"comment_status":"closed","ping_status":"closed","template":"","meta":{"footnotes":""},"class_list":["post-99","page","type-page","status-publish","hentry"],"acf":[],"_links":{"self":[{"href":"https:\/\/ouik-aliments.com\/index.php\/wp-json\/wp\/v2\/pages\/99","targetHints":{"allow":["GET"]}}],"collection":[{"href":"https:\/\/ouik-aliments.com\/index.php\/wp-json\/wp\/v2\/pages"}],"about":[{"href":"https:\/\/ouik-aliments.com\/index.php\/wp-json\/wp\/v2\/types\/page"}],"author":[{"embeddable":true,"href":"https:\/\/ouik-aliments.com\/index.php\/wp-json\/wp\/v2\/users\/1"}],"replies":[{"embeddable":true,"href":"https:\/\/ouik-aliments.com\/index.php\/wp-json\/wp\/v2\/comments?post=99"}],"version-history":[{"count":7,"href":"https:\/\/ouik-aliments.com\/index.php\/wp-json\/wp\/v2\/pages\/99\/revisions"}],"predecessor-version":[{"id":285,"href":"https:\/\/ouik-aliments.com\/index.php\/wp-json\/wp\/v2\/pages\/99\/revisions\/285"}],"wp:attachment":[{"href":"https:\/\/ouik-aliments.com\/index.php\/wp-json\/wp\/v2\/media?parent=99"}],"curies":[{"name":"wp","href":"https:\/\/api.w.org\/{rel}","templated":true}]}}