{"id":299,"date":"2023-06-09T16:43:51","date_gmt":"2023-06-09T16:43:51","guid":{"rendered":"https:\/\/ouik-aliments.com\/?page_id=299"},"modified":"2023-06-09T16:44:38","modified_gmt":"2023-06-09T16:44:38","slug":"hotcakes-sin-gluten","status":"publish","type":"page","link":"https:\/\/ouik-aliments.com\/index.php\/hotcakes-sin-gluten\/","title":{"rendered":"hotcakes sin gluten"},"content":{"rendered":"\t\t<div data-elementor-type=\"wp-page\" data-elementor-id=\"299\" class=\"elementor elementor-299\" data-elementor-settings=\"[]\">\n\t\t\t\t\t\t\t<div class=\"elementor-section-wrap\">\n\t\t\t\t\t\t\t<section class=\"elementor-section elementor-top-section elementor-element elementor-element-dd1364b elementor-section-boxed elementor-section-height-default elementor-section-height-default\" data-id=\"dd1364b\" data-element_type=\"section\">\n\t\t\t\t\t\t<div class=\"elementor-container elementor-column-gap-default\">\n\t\t\t\t\t<div class=\"elementor-column elementor-col-100 elementor-top-column elementor-element elementor-element-c10bb08\" data-id=\"c10bb08\" data-element_type=\"column\">\n\t\t\t<div class=\"elementor-widget-wrap elementor-element-populated\">\n\t\t\t\t\t\t\t\t<div class=\"elementor-element elementor-element-4acfa6a elementor-widget elementor-widget-image\" data-id=\"4acfa6a\" data-element_type=\"widget\" data-widget_type=\"image.default\">\n\t\t\t\t<div class=\"elementor-widget-container\">\n\t\t\t<style>\/*! elementor - v3.5.6 - 28-02-2022 *\/\n.elementor-widget-image{text-align:center}.elementor-widget-image a{display:inline-block}.elementor-widget-image a img[src$=\".svg\"]{width:48px}.elementor-widget-image img{vertical-align:middle;display:inline-block}<\/style>\t\t\t\t\t\t\t\t\t\t\t\t<img loading=\"lazy\" decoding=\"async\" width=\"1012\" height=\"401\" src=\"https:\/\/ouik-aliments.com\/wp-content\/uploads\/2023\/06\/hh1.png\" class=\"attachment-large size-large\" alt=\"\" srcset=\"https:\/\/ouik-aliments.com\/wp-content\/uploads\/2023\/06\/hh1.png 1012w, https:\/\/ouik-aliments.com\/wp-content\/uploads\/2023\/06\/hh1-300x119.png 300w, https:\/\/ouik-aliments.com\/wp-content\/uploads\/2023\/06\/hh1-768x304.png 768w, https:\/\/ouik-aliments.com\/wp-content\/uploads\/2023\/06\/hh1-600x238.png 600w\" sizes=\"auto, (max-width: 1012px) 100vw, 1012px\" \/>\t\t\t\t\t\t\t\t\t\t\t\t\t\t\t<\/div>\n\t\t\t\t<\/div>\n\t\t\t\t<div class=\"elementor-element elementor-element-afc6184 elementor-widget elementor-widget-text-editor\" data-id=\"afc6184\" data-element_type=\"widget\" data-widget_type=\"text-editor.default\">\n\t\t\t\t<div class=\"elementor-widget-container\">\n\t\t\t<style>\/*! elementor - v3.5.6 - 28-02-2022 *\/\n.elementor-widget-text-editor.elementor-drop-cap-view-stacked .elementor-drop-cap{background-color:#818a91;color:#fff}.elementor-widget-text-editor.elementor-drop-cap-view-framed .elementor-drop-cap{color:#818a91;border:3px solid;background-color:transparent}.elementor-widget-text-editor:not(.elementor-drop-cap-view-default) .elementor-drop-cap{margin-top:8px}.elementor-widget-text-editor:not(.elementor-drop-cap-view-default) .elementor-drop-cap-letter{width:1em;height:1em}.elementor-widget-text-editor .elementor-drop-cap{float:left;text-align:center;line-height:1;font-size:50px}.elementor-widget-text-editor .elementor-drop-cap-letter{display:inline-block}<\/style>\t\t\t\t<h1>Hot-cakes<\/h1><h1>\u00a0<\/h1><h2>Forma de preparaci\u00f3n<\/h2><h2>Necesitas:<\/h2><ul class=\"ul\"><li>1 taza de harina para Hot-Cakes Ouik<\/li><li>1 huevo<\/li><li>2 cucharadas de mantequilla o aceite vegetal<\/li><li>1 cucharada de vainilla<\/li><li>\u00be a 1 taza de leche<\/li><li>1\/2 cucharada de canela en polvo<\/li><\/ul><h2>Procedimiento:<\/h2><ol class=\"ul\" start=\"1\"><li>En un recipiente combina todos los ingredientes hasta que sea una mezcla homog\u00e9nea.<\/li><li>En un sart\u00e9n engrasado coloca la preparaci\u00f3n de la mezcla y espere a que la superficie burbujee, voltea hasta que est\u00e9 bien cocido.<\/li><li>S\u00edrvelos y disfruta como m\u00e1s te guste<\/li><\/ol>\t\t\t\t\t\t<\/div>\n\t\t\t\t<\/div>\n\t\t\t\t\t<\/div>\n\t\t<\/div>\n\t\t\t\t\t\t\t<\/div>\n\t\t<\/section>\n\t\t\t\t\t\t<\/div>\n\t\t\t\t\t<\/div>\n\t\t","protected":false},"excerpt":{"rendered":"<p>Hot-cakes \u00a0 Forma de preparaci\u00f3n Necesitas: 1 taza de harina para Hot-Cakes Ouik 1 huevo 2 cucharadas de mantequilla o aceite vegetal 1 cucharada de vainilla \u00be a 1 taza<\/p>\n","protected":false},"author":1,"featured_media":0,"parent":0,"menu_order":0,"comment_status":"closed","ping_status":"closed","template":"","meta":{"footnotes":""},"class_list":["post-299","page","type-page","status-publish","hentry"],"acf":[],"_links":{"self":[{"href":"https:\/\/ouik-aliments.com\/index.php\/wp-json\/wp\/v2\/pages\/299","targetHints":{"allow":["GET"]}}],"collection":[{"href":"https:\/\/ouik-aliments.com\/index.php\/wp-json\/wp\/v2\/pages"}],"about":[{"href":"https:\/\/ouik-aliments.com\/index.php\/wp-json\/wp\/v2\/types\/page"}],"author":[{"embeddable":true,"href":"https:\/\/ouik-aliments.com\/index.php\/wp-json\/wp\/v2\/users\/1"}],"replies":[{"embeddable":true,"href":"https:\/\/ouik-aliments.com\/index.php\/wp-json\/wp\/v2\/comments?post=299"}],"version-history":[{"count":4,"href":"https:\/\/ouik-aliments.com\/index.php\/wp-json\/wp\/v2\/pages\/299\/revisions"}],"predecessor-version":[{"id":304,"href":"https:\/\/ouik-aliments.com\/index.php\/wp-json\/wp\/v2\/pages\/299\/revisions\/304"}],"wp:attachment":[{"href":"https:\/\/ouik-aliments.com\/index.php\/wp-json\/wp\/v2\/media?parent=299"}],"curies":[{"name":"wp","href":"https:\/\/api.w.org\/{rel}","templated":true}]}}